{"id":887,"date":"2018-12-13T10:04:37","date_gmt":"2018-12-13T09:04:37","guid":{"rendered":"https:\/\/kirolak.buruntzaldea.eus\/?page_id=887"},"modified":"2026-01-21T11:27:56","modified_gmt":"2026-01-21T10:27:56","slug":"abonos","status":"publish","type":"page","link":"https:\/\/kirolak.buruntzaldea.eus\/es\/generales\/abonos\/","title":{"rendered":"Abonos y entradas 2026"},"content":{"rendered":"<h2 class=\"section-title text-center\">Entradas<\/h2>\n<div class=\"taula\">\n<table>\n<tbody>\n<tr>\n<td>Mayor de 18 a\u00f1os<\/td>\n<td class=\"text-right\">7,40\u20ac<\/td>\n<\/tr>\n<tr>\n<td>Menor de 18 a\u00f1os<\/td>\n<td class=\"text-right\">4,60\u20ac<\/td>\n<\/tr>\n<\/tbody>\n<\/table>\n<\/div>\n<h2 class=\"section-title text-center\">Abonos<\/h2>\n<div class=\"taula\">\n<table>\n<tbody>\n<tr>\n<td>Adulto &#8211; Per\u00edodo ENE-DIC | FEB-DIC<\/td>\n<td class=\"text-right\">195,00\u20ac<\/td>\n<\/tr>\n<tr>\n<td>Joven &#8211; Per\u00edodo ENE-DIC | FEB-DIC<\/td>\n<td class=\"text-right\">122,00\u20ac<\/td>\n<\/tr>\n<tr>\n<td>Familiar &#8211; Per\u00edodo ENE-DIC | FEB-DIC<\/td>\n<td class=\"text-right\">296,00\u20ac<\/td>\n<\/tr>\n<\/tbody>\n<\/table>\n<table>\n<tbody>\n<tr>\n<td>Adulto &#8211; Per\u00edodo MAR-DIC<\/td>\n<td class=\"text-right\">182,00\u20ac<\/td>\n<\/tr>\n<tr>\n<td>Joven &#8211; Per\u00edodo MAR-DIC<\/td>\n<td class=\"text-right\">114,00\u20ac<\/td>\n<\/tr>\n<tr>\n<td>Familiar &#8211; Per\u00edodo MAR-DIC<\/td>\n<td class=\"text-right\">277,00\u20ac<\/td>\n<\/tr>\n<\/tbody>\n<\/table>\n<table>\n<tbody>\n<tr>\n<td>Adulto &#8211; Per\u00edodo ABR-DIC<\/td>\n<td class=\"text-right\">166,00\u20ac<\/td>\n<\/tr>\n<tr>\n<td>Joven &#8211; Per\u00edodo ABR-DIC<\/td>\n<td class=\"text-right\">104,00\u20ac<\/td>\n<\/tr>\n<tr>\n<td>Familiar &#8211; Per\u00edodo ABR-DIC<\/td>\n<td class=\"text-right\">252,00\u20ac<\/td>\n<\/tr>\n<\/tbody>\n<\/table>\n<table>\n<tbody>\n<tr>\n<td>Adulto &#8211; Per\u00edodo MAY-DIC<\/td>\n<td class=\"text-right\">149,00\u20ac<\/td>\n<\/tr>\n<tr>\n<td>Joven &#8211; Per\u00edodo MAY-DIC<\/td>\n<td class=\"text-right\">94,00\u20ac<\/td>\n<\/tr>\n<tr>\n<td>Familiar &#8211; Per\u00edodo MAY-DIC<\/td>\n<td class=\"text-right\">227,00\u20ac<\/td>\n<\/tr>\n<\/tbody>\n<\/table>\n<table>\n<tbody>\n<tr>\n<td>Adulto &#8211; Per\u00edodo JUN-DIC<\/td>\n<td class=\"text-right\">133,00\u20ac<\/td>\n<\/tr>\n<tr>\n<td>Joven &#8211; Per\u00edodo JUN-DIC<\/td>\n<td class=\"text-right\">84,00\u20ac<\/td>\n<\/tr>\n<tr>\n<td>Familiar &#8211; Per\u00edodo JUN-DIC<\/td>\n<td class=\"text-right\">203,00\u20ac<\/td>\n<\/tr>\n<\/tbody>\n<\/table>\n<table>\n<tbody>\n<tr>\n<td>Adulto &#8211; Per\u00edodo ENE-JUN | JUL-DIC<\/td>\n<td class=\"text-right\">127,00\u20ac<\/td>\n<\/tr>\n<tr>\n<td>Joven &#8211; Per\u00edodo ENE-JUN | JUL-DIC<\/td>\n<td class=\"text-right\">80,00\u20ac<\/td>\n<\/tr>\n<tr>\n<td>Familiar &#8211; Per\u00edodo ENE-JUN | JUL-DIC<\/td>\n<td class=\"text-right\">193,00\u20ac<\/td>\n<\/tr>\n<\/tbody>\n<\/table>\n<table>\n<tbody>\n<tr>\n<td>Adulto &#8211; Per\u00edodo FEB-JUN | AGO-DIC<\/td>\n<td class=\"text-right\">110,00\u20ac<\/td>\n<\/tr>\n<tr>\n<td>Joven &#8211; Per\u00edodo FEB-JUN | AGO-DIC<\/td>\n<td class=\"text-right\">69,00\u20ac<\/td>\n<\/tr>\n<tr>\n<td>Familiar &#8211; Per\u00edodo FEB-JUN | AGO-DIC<\/td>\n<td class=\"text-right\">168,00\u20ac<\/td>\n<\/tr>\n<\/tbody>\n<\/table>\n<table>\n<tbody>\n<tr>\n<td>Adulto &#8211; Per\u00edodo MAR-JUN | SEP-DIC<\/td>\n<td class=\"text-right\">94,00\u20ac<\/td>\n<\/tr>\n<tr>\n<td>Joven &#8211; Per\u00edodo MAR-JUN | SEP-DIC<\/td>\n<td class=\"text-right\">59,00\u20ac<\/td>\n<\/tr>\n<tr>\n<td>Familiar &#8211; Per\u00edodo MAR-JUN | SEP-DIC<\/td>\n<td class=\"text-right\">143,00\u20ac<\/td>\n<\/tr>\n<\/tbody>\n<\/table>\n<table>\n<tbody>\n<tr>\n<td>Adulto &#8211; Per\u00edodo ABR-JUN| OCT-DIC<\/td>\n<td class=\"text-right\">78,00\u20ac<\/td>\n<\/tr>\n<tr>\n<td>Joven &#8211; Per\u00edodo ABR-JUN| OCT-DIC<\/td>\n<td class=\"text-right\">49,00\u20ac<\/td>\n<\/tr>\n<tr>\n<td>Familiar &#8211; Per\u00edodo ABR-JUN| OCT-DIC<\/td>\n<td class=\"text-right\">119,00\u20ac<\/td>\n<\/tr>\n<\/tbody>\n<\/table>\n<table>\n<tbody>\n<tr>\n<td>Adulto &#8211; Per\u00edodo MAY-JUN | NOV-DIC<\/td>\n<td class=\"text-right\">62,00\u20ac<\/td>\n<\/tr>\n<tr>\n<td>Joven &#8211; Per\u00edodo MAY-JUN | NOV-DIC<\/td>\n<td class=\"text-right\">39,00\u20ac<\/td>\n<\/tr>\n<tr>\n<td>Familiar &#8211; Per\u00edodo MAY-JUN | NOV-DIC<\/td>\n<td class=\"text-right\">94,00\u20ac<\/td>\n<\/tr>\n<\/tbody>\n<\/table>\n<table>\n<tbody>\n<tr>\n<td>Adulto &#8211; Per\u00edodo JUN-JUN | DIC-DIC<\/td>\n<td class=\"text-right\">45,00\u20ac<\/td>\n<\/tr>\n<tr>\n<td>Joven &#8211; Per\u00edodo JUN-JUN | DIC-DIC<\/td>\n<td class=\"text-right\">29,00\u20ac<\/td>\n<\/tr>\n<tr>\n<td>Familiar &#8211; Per\u00edodo JUN-JUN | DIC-DIC<\/td>\n<td class=\"text-right\">69,00\u20ac<\/td>\n<\/tr>\n<\/tbody>\n<\/table>\n<\/div>\n<p class=\"irekita\" style=\"text-align: center;\"><a class=\"btn btn-primary btn-lg\" href=\"https:\/\/kirolak.buruntzaldea.eus\/wp-content\/uploads\/2026\/01\/2026-prezioak-cas.pdf\" target=\"_blank\" rel=\"noopener noreferrer\">Precios abonos 2026<\/a><\/p>\n<div class=\"info-abonoak\">\n<div class=\"card card-body\">\n<p>&nbsp;<\/p>\n<p>Los usuarios pueden solicitar el abono en cualquier polideportivo de Buruntzaldea (Andoain, Lasarte-Oria, Urnieta, Usurbil). Pero si el usuario reside en Buruntzaldea y quiere hacer uso de las instalaciones de los cuatro municipios, estar\u00e1 obligado ha solicitar el abono en el municipio donde est\u00e9 empadronado.<\/p>\n<p><strong>Hay dos v\u00edas para obtener el abono:<\/strong><br \/>\n\u2013 Enviar la solicitud por Internet al Servicio de Deportes del Ayuntamiento y entregar dos fotos en la oficina del Servicio de Deportes. \u2013 Realizar la solicitud en el Servicio de Deportes del Ayuntamiento y entregar dos fotos en la misma oficina.<\/p>\n<p>Para darse de baja, el interesado deber\u00e1 notificarlo antes de la fecha fijada en la oficina de los Servicios de Deportes del Ayuntamiento. En caso contrario, se considerar\u00e1 que el usuario desea seguir siendo abonado.<\/p>\n<p>En caso de devoluci\u00f3n de los recibos correspondientes a la cuota del abono o en caso de que no se hiciera el pago en el plazo fijado, se dar\u00e1 de baja al usuario.<\/p>\n<p>En caso de perdida de la tarjeta de abono, se deber\u00e1 informar lo antes posible al Servicio de Deportes del Ayuntamiento. El Servicio de Deportes expedir\u00e1 una nueva tarjeta, tras el pago, por parte del usuario, del precio p\u00fablico fijado con anterioridad.<\/p>\n<p>La tarjeta de abono es individual e intransferible.<\/p>\n<p>Los abonos deben realizarse en el municipio del propio usuario.<\/p>\n<\/div>\n<\/div>\n<p>&nbsp;<\/p>\n<p class=\"irekita\" style=\"text-align: center;\"><a class=\"btn btn-primary btn-lg\" href=\"https:\/\/kirolak.buruntzaldea.eus\/es\/generales\/solicitud-abono\/\">Solicitud de abono<\/a><\/p>\n","protected":false},"excerpt":{"rendered":"<p>Entradas Mayor de 18 a\u00f1os 7,40\u20ac Menor de 18 a\u00f1os 4,60\u20ac Abonos Adulto &#8211; Per\u00edodo ENE-DIC | FEB-DIC 195,00\u20ac Joven &#8211; Per\u00edodo ENE-DIC | FEB-DIC 122,00\u20ac Familiar &#8211; Per\u00edodo ENE-DIC | FEB-DIC 296,00\u20ac Adulto &#8211; Per\u00edodo MAR-DIC 182,00\u20ac Joven &#8211; Per\u00edodo MAR-DIC 114,00\u20ac Familiar &#8211; Per\u00edodo MAR-DIC 277,00\u20ac Adulto &#8211; Per\u00edodo ABR-DIC 166,00\u20ac Joven &#8211; [&hellip;]<\/p>\n","protected":false},"author":1,"featured_media":0,"parent":731,"menu_order":0,"comment_status":"closed","ping_status":"closed","template":"template-argia.php","meta":{"_acf_changed":false,"footnotes":""},"class_list":["post-887","page","type-page","status-publish","hentry"],"acf":[],"_links":{"self":[{"href":"https:\/\/kirolak.buruntzaldea.eus\/es\/wp-json\/wp\/v2\/pages\/887","targetHints":{"allow":["GET"]}}],"collection":[{"href":"https:\/\/kirolak.buruntzaldea.eus\/es\/wp-json\/wp\/v2\/pages"}],"about":[{"href":"https:\/\/kirolak.buruntzaldea.eus\/es\/wp-json\/wp\/v2\/types\/page"}],"author":[{"embeddable":true,"href":"https:\/\/kirolak.buruntzaldea.eus\/es\/wp-json\/wp\/v2\/users\/1"}],"replies":[{"embeddable":true,"href":"https:\/\/kirolak.buruntzaldea.eus\/es\/wp-json\/wp\/v2\/comments?post=887"}],"version-history":[{"count":22,"href":"https:\/\/kirolak.buruntzaldea.eus\/es\/wp-json\/wp\/v2\/pages\/887\/revisions"}],"predecessor-version":[{"id":3371,"href":"https:\/\/kirolak.buruntzaldea.eus\/es\/wp-json\/wp\/v2\/pages\/887\/revisions\/3371"}],"up":[{"embeddable":true,"href":"https:\/\/kirolak.buruntzaldea.eus\/es\/wp-json\/wp\/v2\/pages\/731"}],"wp:attachment":[{"href":"https:\/\/kirolak.buruntzaldea.eus\/es\/wp-json\/wp\/v2\/media?parent=887"}],"curies":[{"name":"wp","href":"https:\/\/api.w.org\/{rel}","templated":true}]}}