{"id":743,"date":"2018-12-10T18:50:06","date_gmt":"2018-12-10T17:50:06","guid":{"rendered":"https:\/\/kirolak.buruntzaldea.eus\/?page_id=743"},"modified":"2019-03-26T13:54:37","modified_gmt":"2019-03-26T12:54:37","slug":"andoain","status":"publish","type":"page","link":"https:\/\/kirolak.buruntzaldea.eus\/es\/recorridos\/andoain\/","title":{"rendered":"Recorridos de Andoian"},"content":{"rendered":"<div class=\"ibilbideak ibi-andoain\">\n<div class=\"sectison-header\">\n<div class=\"ibilbide-tabs mapak\" style=\"background:none\" >\n<h2 class=\"section-title\">Mapas<\/h2>\n<\/div>\n<\/div>\n<\/div>\n<div class=\"ibilbideak ibi-andoain\">\n<div class=\"container\">\n<div class=\"row\">\n<div class=\"col-md-4 col-sm-12\">\n<div class=\"card text-center\">\n<p><img decoding=\"async\" class=\"card-img-top\" src=\"\/wp-content\/themes\/buruntzaldea\/img\/ibilbideak\/ibi_andoain_01.jpg\" alt=\"Andoain puntos de inter\u00e9s\" \/><\/p>\n<div class=\"card-body\">\n<h2 class=\"card-title\">Andoain<br \/>\npuntos de inter\u00e9s<\/h2>\n<hr \/>\n<p><a class=\"btn btn-primary\" href=\"\/wp-content\/uploads\/2019\/03\/Andoaingo-Gune-Interesgarriak.pdf\" target=\"_blank\" rel=\"noopener noreferrer\">Indicaciones <\/a><\/p>\n<\/div>\n<\/div>\n<\/div>\n<div class=\"col-md-4 col-sm-12 \">\n<div class=\"card text-center\">\n<p><img decoding=\"async\" class=\"card-img-top\" src=\"\/wp-content\/themes\/buruntzaldea\/img\/ibilbideak\/ibi_andoain_02.jpg\" alt=\"Andoaingo ibilbideak \" \/><\/p>\n<div class=\"card-body\">\n<h2 class=\"card-title\">Recorridos de<br \/>\nAndoain<\/h2>\n<hr \/>\n<p><a class=\"btn btn-primary\" href=\"\/wp-content\/themes\/buruntzaldea\/img\/ibilbideak\/andoain.pdf\" target=\"_blank\" rel=\"noopener noreferrer\"> Indicaciones <\/a><\/p>\n<\/div>\n<\/div>\n<\/div>\n<div class=\"col-md-4 col-sm-12\">\n<div class=\"card text-center\">\n<p><img decoding=\"async\" class=\"card-img-top\" src=\"\/wp-content\/themes\/buruntzaldea\/img\/\/ibilbideak\/ibi_andoain_03.jpg\" alt=\"Buruntzaldeko ibilbideak \" \/><\/p>\n<div class=\"card-body\">\n<h2 class=\"card-title\">Recorridos de<br \/>\nBuruntzaldea<\/h2>\n<hr \/>\n<p><a class=\"btn btn-primary\" href=\"\/wp-content\/themes\/buruntzaldea\/img\/ibilbideak\/buruntzaldea.pdf\" target=\"_blank\" rel=\"noopener noreferrer\"> Indicaciones <\/a><\/p>\n<\/div>\n<\/div>\n<\/div>\n<\/div>\n<div class=\"ibilbide-tabs\">\n<div class=\"sectison-header\">\n<h2 class=\"section-title\">Recorridos<\/h2>\n<p>&nbsp;<\/p>\n<\/div>\n<ul class=\"ibildide-list wow fadeInUp\" style=\"visibility: visible; animation-name: fadeInUp;\">\n \t<!--\n\n<li><a class=\"ireki collapsed\" href=\"#faq1\" data-toggle=\"collapse\" aria-expanded=\"false\">Andoain-Andoain<i class=\"ion-android-remove\"><\/i><\/a>\n\n\n<div id=\"faq1\" class=\"collapse show collapse-01\" data-parent=\"#faq-list\">\n\n\n<div class=\"events\">\n\n\n<div class=\"row\">\n\n\n<div class=\"col-sm-6\">\n\n\n<div class=\"profile\"><img decoding=\"async\" class=\"img-fluid\" src=\"\/wp-content\/themes\/buruntzaldea\/img\/ibilbideak\/ibi_andoain_05.jpg\" \/><\/div>\n\n\n<\/div>\n\n\n\n\n<div class=\"col-sm-6\">\n\n\n<div class=\"details\">\n\n\n<ol class=\"ordered-list\">\n \t\n\n<li>Ayuntamiento<\/li>\n\n\n \t\n\n<li>Iglesia de San Mart\u00edn<\/li>\n\n\n \t\n\n<li>Cruz Roja<\/li>\n\n\n \t\n\n<li>Casa de Cultura Urigain<\/li>\n\n\n \t\n\n<li>Front\u00f3n de Arrate<\/li>\n\n\n \t\n\n<li>Colegio de La Salle-Berrozpe<\/li>\n\n\n \t\n\n<li>Ikastola de Aita Larramendi<\/li>\n\n\n \t\n\n<li>Campo de F\u00fatbol de Ubitarte<\/li>\n\n\n \t\n\n<li>Polideportivo de Allurralde<\/li>\n\n\n \t\n\n<li>Iglesia de Santa Krutz<\/li>\n\n\n \t\n\n<li>Centro Cultural Bastero<\/li>\n\n\n<\/ol>\n\n\n<\/div>\n\n\n<\/div>\n\n\n<\/div>\n\n\n\n\n<div class=\"row\">\n\n\n\n<div class=\"col-sm-12 info-g\"><a class=\"btn btn-primary\" href=\"\/wp-content\/themes\/buruntzaldea\/img\/ibilbideak\/ibi_andoain_04.jpg\" target=\"_blank\" rel=\"noopener noreferrer\">M\u00e1s informaci\u00f3n<\/a><\/div>\n\n\n\n<\/div>\n\n\n<\/div>\n\n\n<\/div>\n\n<\/li>\n\n--><\/p>\n<li><a class=\"ireki collapsed\" href=\"#faq2\" data-toggle=\"collapse\">Andoain-Urnieta <i class=\"ion-android-remove\"><\/i><\/a>\n<div id=\"faq2\" class=\"collapse show collapse-02\" data-parent=\"#faq-list\">\n<div class=\"events\">\n<div class=\"row\">\n<div class=\"col-sm-12\">\n<div class=\"profile\"><img decoding=\"async\" class=\"img-fluid\" src=\"\/wp-content\/themes\/buruntzaldea\/img\/ibilbideak\/ibi_andoain_06.jpg\" \/><\/div>\n<\/div>\n<div class=\"col-sm-12\">\n<div class=\"details\">\n<div class=\"row\">\n<div class=\"col-sm-6\">\n<ol class=\"ordered-list\">\n<li>Ayuntamiento de Andoain<\/li>\n<li>La Salle-Berrozpe (150 m)<\/li>\n<li>Estaci\u00f3n de Renfe (600 m)<\/li>\n<li>T\u00fanel (860 m)<\/li>\n<li>Zona industrial de Leizotz (1590 m)<\/li>\n<li>L\u00edmite (2200 m)<\/li>\n<li>Restaurante Zelai (2496 m)<\/li>\n<li>Azkonobieta (2592 m)<\/li>\n<li>Sidrer\u00eda Oianume (3031 m)<\/li>\n<li>Puente de Elketa (3754 m)<\/li>\n<li>Plaza del pueblo (Urnieta) (4753 m)<\/li>\n<\/ol>\n<\/div>\n<div class=\"col-sm-6\">\n<div class=\"inf-orokorra\">\n<h3>Informaci\u00f3n general<\/h3>\n<div class=\"telfk\">\n<p>Ayuntamiento de Andoain: 943 300 830<br \/>\nPolideportivo Alluralde: 943 300 147<\/p>\n<p>SOS deiak: 112<br \/>\n<a>www.andoain.eus<\/a><\/p>\n<\/div>\n<div class=\"neurriak\">\n<table class=\"table table-striped table-dark\">\n<tbody>\n<tr>\n<td>Longitud<\/td>\n<td>Duraci\u00f3n<\/td>\n<td>M\u00e1ximo desnivel<\/td>\n<\/tr>\n<tr>\n<td>4.753 m<\/td>\n<td>1:20 horas<\/td>\n<td>50 m<\/td>\n<\/tr>\n<\/tbody>\n<\/table>\n<\/div>\n<\/div>\n<div class=\"row\">\n<div class=\"col-sm-12 info-g\"> <a class=\"btn btn-primary\" href=\"\/wp-content\/uploads\/2019\/03\/Andoain-Urnieta-PDF-interaktiboa-.pdf\" target=\"_blank\"  rel=\"noopener noreferrer\">PDF Interactivo<\/a><\/div>\n<\/div>\n<\/div>\n<\/div>\n<\/div>\n<\/div>\n<\/div>\n<\/div>\n<\/div>\n<\/li>\n<li><a class=\"ireki collapsed\" href=\"#faq3\" data-toggle=\"collapse\">Andoain-Lasarte Oria <i class=\"ion-android-remove\"><\/i><\/a>\n<div id=\"faq3\" class=\"collapse show collapse-03\" data-parent=\"#faq-list\">\n<div class=\"events\">\n<div class=\"row\">\n<div class=\"col-sm-12\">\n<div class=\"profile\"><img decoding=\"async\" class=\"img-fluid\" src=\"\/wp-content\/themes\/buruntzaldea\/img\/ibilbideak\/ibi_andoain_07.jpg\" \/><\/div>\n<\/div>\n<div class=\"col-sm-12\">\n<div class=\"details\">\n<div class=\"row\">\n<div class=\"col-sm-6\">\n<ol class=\"ordered-list\">\n<li>Ayuntamiento<\/li>\n<li>Berrozpe (340 m)<\/li>\n<li>Gazta\u00f1aga (600 m)<\/li>\n<li>Gorostidi (1400 m)<\/li>\n<li>Derrepente Gurutzea (2060 m)<\/li>\n<li>Cantera de Aitkibel (2700 m)<\/li>\n<li>L\u00edmite Urnieta-Andoain (3500 m)<\/li>\n<li>Ermita de Azkorte (3900 m)<\/li>\n<li>Goiko Pago Adarra (4900 m))<\/li>\n<li>Beko Pago Adarra (5300 m)<\/li>\n<li>Cruce (5350 m)<\/li>\n<li>L\u00edmite de Lasarte-Oria\/Urnieta (5400 m)<\/li>\n<li>Camino de Azkorte (5700 m)<\/li>\n<li>Puente de Oztaran (6700 m)<\/li>\n<li>T\u00fanel de Kaxkarro (7100 m)<\/li>\n<li>Puente de Loidi (7300 m)<\/li>\n<li>Parque de Loidi (7500 m)<\/li>\n<li>Paso bajo la autov\u00eda N-1 (7700 m)<\/li>\n<li>Iglesia de San Pedro (7900 m)<\/li>\n<\/ol>\n<\/div>\n<div class=\"col-sm-6\">\n<div class=\"inf-orokorra\">\n<h3>Informaci\u00f3n general<\/h3>\n<div class=\"telfk\">\n<p>Ayuntamiento de Andoain: 943 300 830<br \/>\nPolideportivo Alluralde: 943 300 147<\/p>\n<p>SOS deiak: 112<br \/>\n<a>www.andoain.eus<\/a><\/p>\n<\/div>\n<div class=\"neurriak\">\n<table class=\"table table-striped table-dark\">\n<tbody>\n<tr>\n<td>Longitud<\/td>\n<td>Duraci\u00f3n<\/td>\n<td>M\u00e1ximo desnivel<\/td>\n<\/tr>\n<tr>\n<td>7.900 m<\/td>\n<td>2:25 horas<\/td>\n<td>262 m<\/td>\n<\/tr>\n<\/tbody>\n<\/table>\n<\/div>\n<\/div>\n<div class=\"row\">\n<div class=\"col-sm-12 info-g\"> <a class=\"btn btn-primary\" href=\"#\" target=\"_blank\"  rel=\"noopener noreferrer\">PDF Interactivo<\/a><\/div>\n<\/div>\n<\/div>\n<\/div>\n<\/div>\n<\/div>\n<\/div>\n<\/div>\n<\/div>\n<\/li>\n<li><a class=\"ireki collapsed\" href=\"#faq4\" data-toggle=\"collapse\">Andoain-Usurbil <i class=\"ion-android-remove\"><\/i><\/a>\n<div id=\"faq4\" class=\"collapse show collapse-04\" data-parent=\"#faq-list\">\n<div class=\"events\">\n<div class=\"row\">\n<div class=\"col-sm-12\">\n<div class=\"profile\"><img decoding=\"async\" class=\"img-fluid\" src=\"\/wp-content\/themes\/buruntzaldea\/img\/ibilbideak\/ibi_andoain_08.jpg\" \/><\/div>\n<\/div>\n<div class=\"col-sm-12\">\n<div class=\"details\">\n<div class=\"row\">\n<div class=\"col-sm-6\">\n<ol class=\"ordered-list\">\n<li>Polideportivo Allurralde<\/li>\n<li>Calera (2000 m)<\/li>\n<li>L\u00edmite de Aduna (2500 m)<\/li>\n<li>Mariako Gaina (3650 m)<\/li>\n<li>Aitzkurutzea (5000 m)<\/li>\n<li>Altzaola (7000 m))<\/li>\n<li>Ziortza (L\u00edmite de Usurbil) (8600 m)<\/li>\n<li>Puebla berri (11886 m)<\/li>\n<li>Igartzazabal (12672 m)<\/li>\n<li>Iglesia de San Esteban (13677 m)<\/li>\n<li>Santuenea (14142 m)<\/li>\n<li>Casco urbano de Usurbil (14900 m)<\/li>\n<\/ol>\n<\/div>\n<div class=\"col-sm-6\">\n<div class=\"inf-orokorra\">\n<h3>Informaci\u00f3n general<\/h3>\n<div class=\"telfk\">\n<p>Ayuntamiento de Andoain: 943 300 830<br \/>\nPolideportivo de Alluralde: 943 300 147<\/p>\n<p>SOS deiak: 112<br \/>\n<a>www.andoain.eus<\/a><\/p>\n<\/div>\n<div class=\"neurriak\">\n<table class=\"table table-striped table-dark\">\n<tbody>\n<tr>\n<td>Longitud<\/td>\n<td>Duraci\u00f3n<\/td>\n<td>M\u00e1ximo desnivel<\/td>\n<\/tr>\n<tr>\n<td>14.900 m<\/td>\n<td>4:35 horas<\/td>\n<td>430 m<\/td>\n<\/tr>\n<\/tbody>\n<\/table>\n<\/div>\n<\/div>\n<div class=\"row\">\n<div class=\"col-sm-12 info-g\"> <a class=\"btn btn-primary\" href=\"#\" target=\"_blank\"  rel=\"noopener noreferrer\">PDF Interactivo<\/a><\/div>\n<\/div>\n<\/div>\n<\/div>\n<\/div>\n<\/div>\n<\/div>\n<\/div>\n<\/div>\n<\/li>\n<\/ul>\n<\/div>\n<\/div>\n<\/div>\n","protected":false},"excerpt":{"rendered":"<p>Mapas Andoain puntos de inter\u00e9s Indicaciones Recorridos de Andoain Indicaciones Recorridos de Buruntzaldea Indicaciones Recorridos &nbsp; Andoain-Urnieta Ayuntamiento de Andoain La Salle-Berrozpe (150 m) Estaci\u00f3n de Renfe (600 m) T\u00fanel (860 m) Zona industrial de Leizotz (1590 m) L\u00edmite (2200 m) Restaurante Zelai (2496 m) Azkonobieta (2592 m) Sidrer\u00eda Oianume (3031 m) Puente de Elketa [&hellip;]<\/p>\n","protected":false},"author":1,"featured_media":0,"parent":757,"menu_order":0,"comment_status":"closed","ping_status":"closed","template":"template-argia.php","meta":{"_acf_changed":false,"footnotes":""},"class_list":["post-743","page","type-page","status-publish","hentry"],"acf":[],"_links":{"self":[{"href":"https:\/\/kirolak.buruntzaldea.eus\/es\/wp-json\/wp\/v2\/pages\/743","targetHints":{"allow":["GET"]}}],"collection":[{"href":"https:\/\/kirolak.buruntzaldea.eus\/es\/wp-json\/wp\/v2\/pages"}],"about":[{"href":"https:\/\/kirolak.buruntzaldea.eus\/es\/wp-json\/wp\/v2\/types\/page"}],"author":[{"embeddable":true,"href":"https:\/\/kirolak.buruntzaldea.eus\/es\/wp-json\/wp\/v2\/users\/1"}],"replies":[{"embeddable":true,"href":"https:\/\/kirolak.buruntzaldea.eus\/es\/wp-json\/wp\/v2\/comments?post=743"}],"version-history":[{"count":15,"href":"https:\/\/kirolak.buruntzaldea.eus\/es\/wp-json\/wp\/v2\/pages\/743\/revisions"}],"predecessor-version":[{"id":1103,"href":"https:\/\/kirolak.buruntzaldea.eus\/es\/wp-json\/wp\/v2\/pages\/743\/revisions\/1103"}],"up":[{"embeddable":true,"href":"https:\/\/kirolak.buruntzaldea.eus\/es\/wp-json\/wp\/v2\/pages\/757"}],"wp:attachment":[{"href":"https:\/\/kirolak.buruntzaldea.eus\/es\/wp-json\/wp\/v2\/media?parent=743"}],"curies":[{"name":"wp","href":"https:\/\/api.w.org\/{rel}","templated":true}]}}