{"id":741,"date":"2018-12-10T18:39:18","date_gmt":"2018-12-10T17:39:18","guid":{"rendered":"https:\/\/kirolak.buruntzaldea.eus\/?page_id=741"},"modified":"2019-03-26T13:55:10","modified_gmt":"2019-03-26T12:55:10","slug":"lasarte-oria","status":"publish","type":"page","link":"https:\/\/kirolak.buruntzaldea.eus\/es\/recorridos\/lasarte-oria\/","title":{"rendered":"Recorridos de Lasarte-Oria"},"content":{"rendered":"<div class=\"ibilbideak ibi-lasarte\">\n<div class=\"sectison-header\">\n<div class=\"ibilbide-tabs mapak\" style=\"background:none\" >\n<h2 class=\"section-title\">Mapas<\/h2>\n<\/div>\n<\/div>\n<\/div>\n<div class=\"ibilbideak ibi-lasarte\">\n<div class=\"container\">\n<div class=\"row\">\n<div class=\"col-md-4 col-sm-12\">\n<div class=\"card text-center\">\n<p><img decoding=\"async\" class=\"card-img-top\" src=\"\/wp-content\/themes\/buruntzaldea\/img\/ibilbideak\/ibi_lasarte_01.jpg\" alt=\"Lasarte Oria puntos de inter\u00e9s\" \/><\/p>\n<div class=\"card-body\">\n<h2 class=\"card-title\">Lasarte Oria<br \/>\npuntos de inter\u00e9s<\/h2>\n<hr \/>\n<p><a class=\"btn btn-primary\" href=\"\/wp-content\/uploads\/2019\/03\/Lasarte-Oriako-Gune-Interesgarriak.pdf\" target=\"_blank\" rel=\"noopener noreferrer\">Indicaciones <\/a><\/p>\n<\/div>\n<\/div>\n<\/div>\n<div class=\"col-md-4 col-sm-12 \">\n<div class=\"card text-center\">\n<p><img decoding=\"async\" class=\"card-img-top\" src=\"\/wp-content\/themes\/buruntzaldea\/img\/ibilbideak\/ibi_lasarte_02.jpg\" alt=\"Lasarte ibilbideak \" \/><\/p>\n<div class=\"card-body\">\n<h2 class=\"card-title\">Recorridos de<br \/>\nLasarte-Oria<\/h2>\n<hr \/>\n<p><a class=\"btn btn-primary\" href=\"\/wp-content\/themes\/buruntzaldea\/img\/ibilbideak\/lasarte.pdf\" target=\"_blank\" rel=\"noopener noreferrer\">Indicaciones <\/a><\/p>\n<\/div>\n<\/div>\n<\/div>\n<div class=\"col-md-4 col-sm-12\">\n<div class=\"card text-center\">\n<p><img decoding=\"async\" class=\"card-img-top\" src=\"\/wp-content\/themes\/buruntzaldea\/img\/\/ibilbideak\/ibi_andoain_03.jpg\" alt=\"Recorridos de Buruntzaldea \" \/><\/p>\n<div class=\"card-body\">\n<h2 class=\"card-title\">Recorridos de<br \/>\nBuruntzaldea<\/h2>\n<hr \/>\n<p><a class=\"btn btn-primary\" href=\"\/wp-content\/themes\/buruntzaldea\/img\/ibilbideak\/buruntzaldea.pdf\" target=\"_blank\" rel=\"noopener noreferrer\"> Indicaciones <\/a><\/p>\n<\/div>\n<\/div>\n<\/div>\n<\/div>\n<div class=\"ibilbide-tabs\">\n<div class=\"sectison-header\">\n<h2 class=\"section-title\">Recorridos<\/h2>\n<p>&nbsp;<\/p>\n<\/div>\n<ul class=\"ibildide-list wow fadeInUp\" style=\"visibility: visible; animation-name: fadeInUp;\">\n<p><!--\n\n\n<li><a class=\"ireki collapsed\" href=\"#faq1\" data-toggle=\"collapse\" aria-expanded=\"false\">Lasarte-Oria Lasarte-Oria<i class=\"ion-android-remove\"><\/i><\/a>\n\n\n<div id=\"faq1\" class=\"collapse collapse-01\" data-parent=\"#faq-list\">\n\n\n<div class=\"events\">\n\n\n<div class=\"row\">\n\n\n<div class=\"col-sm-6\">\n\n\n<div class=\"profile\"><img decoding=\"async\" class=\"img-fluid\" src=\"\/wp-content\/themes\/buruntzaldea\/img\/ibilbideak\/ibi_lasarte_05.jpg\" \/><\/div>\n\n\n<\/div>\n\n\n\n\n<div class=\"col-sm-6\">\n\n\n<div class=\"details\">\n\n\n<ol class=\"ordered-list\">\n \t\n\n<li>Ayuntamiento<\/li>\n\n\n \t\n\n<li>Front\u00f3n<\/li>\n\n\n \t\n\n<li>Centro de Salud<\/li>\n\n\n \t\n\n<li>Iglesia de San Pedro<\/li>\n\n\n \t\n\n<li>Cruz Roja<\/li>\n\n\n \t\n\n<li>Euskotren<\/li>\n\n\n \t\n\n<li>Landaberri DBH<\/li>\n\n\n \t\n\n<li>Instituto<\/li>\n\n\n \t\n\n<li>Colegio de Sasoeta<\/li>\n\n\n \t\n\n<li>Polideportivo<\/li>\n\n\n \t\n\n<li>Convento de las Br\u00edgidas<\/li>\n\n\n \t\n\n<li>Puente del hip\u00f3dromo<\/li>\n\n\n \t\n\n<li>Autov\u00eda N-1<\/li>\n\n\n \t\n\n<li>R\u00edo Oria<\/li>\n\n\n<\/ol>\n\n\n<\/div>\n\n\n<\/div>\n\n\n<\/div>\n\n\n\n\n<div class=\"row\">\n\n\n\n\n<div class=\"col-sm-12 info-g\"><a class=\"btn btn-primary\" href=\"\/wp-content\/themes\/buruntzaldea\/img\/ibilbideak\/ibi_lasarte_04.jpg\" target=\"_blank\" rel=\"noopener noreferrer\">M\u00e1s informaci\u00f3n<\/a>\/div>\n\n\n<\/div>\n\n\n<\/div>\n\n\n<\/div>\n\n\n\n-->\n<\/li>\n<li><a class=\"ireki collapsed\" href=\"#faq2\" data-toggle=\"collapse\">Lasarte-Oria Andoain <i class=\"ion-android-remove\"><\/i><\/a>\n<div id=\"faq2\" class=\"collapse show collapse-02\" data-parent=\"#faq-list\">\n<div class=\"events\">\n<div class=\"row\">\n<div class=\"col-sm-12\">\n<div class=\"profile\">\n<p><img decoding=\"async\" class=\"img-fluid\" src=\"\/wp-content\/themes\/buruntzaldea\/img\/ibilbideak\/ibi_lasarte_06.jpg\" \/>*Entre los puntos 6 y 7 transcurre por la antigua v\u00eda del Plazaola.<\/p>\n<\/div>\n<\/div>\n<div class=\"col-sm-12\">\n<div class=\"details\">\n<div class=\"row\">\n<div class=\"col-sm-6\">\n<ol class=\"ordered-list\">\n<li>Iglesia de San Pedro<\/li>\n<li>Paso bajo la autov\u00eda N-1 (200 m)<\/li>\n<li>Parque de Loidi (400 m)<\/li>\n<li>Puente de Loidi (600 m)<\/li>\n<li>T\u00fanel de Kaxkarro (800 m)<\/li>\n<li>Puente de Oztaran (1200 m)<\/li>\n<li>Camino de Azkorte (2200 m)<\/li>\n<li>L\u00edmite de Lasarte-Oria\/Urnieta (2500 m)<\/li>\n<li>Cruce (2550 m)<\/li>\n<li>Beko Pago Adarraga (2600 m)<\/li>\n<li>Goiko Pago Adarraga (3000 m)<\/li>\n<li>Ermita de Azkorte (4000 m)<\/li>\n<li>L\u00edmite Urnieta-Andoain (4400 m)<\/li>\n<li>Cantera de Aitkibel (5200 m)<\/li>\n<li>Derrepente Gurutzea (5840 m)<\/li>\n<li>Gorostidi (6500 m)<\/li>\n<li>Gazta\u00f1aga (7300 m)<\/li>\n<li>Berrozpe (7560 m)<\/li>\n<li>Ayuntamiento (7900 m)<\/li>\n<\/ol>\n<\/div>\n<div class=\"col-sm-6\">\n<div class=\"inf-orokorra\">\n<h3>Informaci\u00f3n general<\/h3>\n<div class=\"telfk\">\n<p>Ayuntamiento de Lasarte-Oria: 943 376 055<br \/>\nPolideportivo de Lasarte-Oria: 943 376 182<\/p>\n<p>SOS deiak: 112<br \/>\n<a href=\"http:\/\/www.lasarte-oria.eus\/eu\/\" target=\"_blank\" rel=\"noopener noreferrer\">www.lasarte-oria.eus<\/a><\/p>\n<\/div>\n<div class=\"neurriak\">\n<table class=\"table table-striped table-dark\">\n<tbody>\n<tr>\n<td>Longitud<\/td>\n<td>Duraci\u00f3n<\/td>\n<td>Desnivel m\u00e1ximo<\/td>\n<\/tr>\n<tr>\n<td>7.900 m<\/td>\n<td>2:30 horas<\/td>\n<td>300 m<\/td>\n<\/tr>\n<\/tbody>\n<\/table>\n<\/div>\n<\/div>\n<div class=\"row\">\n<div class=\"col-sm-12 info-g\"><a class=\"btn btn-primary\" href=\"#\" target=\"_blank\" rel=\"noopener noreferrer\">PDF Interactivo<\/a><\/div>\n<\/div>\n<\/div>\n<\/div>\n<\/div>\n<\/div>\n<\/div>\n<\/div>\n<\/div>\n<\/li>\n<li><a class=\"ireki collapsed\" href=\"#faq3\" data-toggle=\"collapse\">Lasarte-Oria Urnieta <i class=\"ion-android-remove\"><\/i><\/a>\n<div id=\"faq3\" class=\"collapse show collapse-03\" data-parent=\"#faq-list\">\n<div class=\"events\">\n<div class=\"row\">\n<div class=\"col-sm-12\">\n<div class=\"profile\">\n<p><img decoding=\"async\" class=\"img-fluid\" src=\"\/wp-content\/themes\/buruntzaldea\/img\/ibilbideak\/ibi_lasarte_07.jpg\" \/>*Entre los puntos 6 y 7 transcurre por la antigua v\u00eda del Plazaola.<\/p>\n<\/div>\n<\/div>\n<div class=\"col-sm-12\">\n<div class=\"details\">\n<div class=\"row\">\n<div class=\"col-sm-6\">\n<ol class=\"ordered-list\">\n<li>Iglesia de San Pedro<\/li>\n<li>Paso bajo la autov\u00eda N-1 (200 m)<\/li>\n<li>Parque de Loidi (400 m)<\/li>\n<li>Puente de Loidi (600 m)<\/li>\n<li>T\u00fanel de Kaxkarro (800 m)<\/li>\n<li>Puente de Oztaran (1200 m)<\/li>\n<li>Camino de Azkorte (2200 m)<\/li>\n<li>L\u00edmite de Lasarte-Oria\/Urnieta (2500 m)<\/li>\n<li>Mokoroa (3069 m)<\/li>\n<li>Artolea (3364 m)<\/li>\n<li>Zaldundegi (3858 m)<\/li>\n<li>Plaza del pueblo (3948 m)<\/li>\n<\/ol>\n<\/div>\n<div class=\"col-sm-6\">\n<div class=\"inf-orokorra\">\n<h3>Informaci\u00f3n general<\/h3>\n<div class=\"telfk\">\n<p>Ayuntamiento de Lasarte-Oria: 943 376 055<br \/>\nPolideportivo de Lasarte-Oria: 943 376 182<\/p>\n<p>SOS deiak: 112<br \/>\n<a href=\"http:\/\/www.lasarte-oria.eus\/eu\/\" target=\"_blank\" rel=\"noopener noreferrer\">www.lasarte-oria.eus<\/a><\/p>\n<\/div>\n<div class=\"neurriak\">\n<table class=\"table table-striped table-dark\">\n<tbody>\n<tr>\n<td>Longitud<\/td>\n<td>Duraci\u00f3n<\/td>\n<td>Desnivel m\u00e1ximo<\/td>\n<\/tr>\n<tr>\n<td>3.948 m<\/td>\n<td>1:10 horas<\/td>\n<td>100 m<\/td>\n<\/tr>\n<\/tbody>\n<\/table>\n<\/div>\n<\/div>\n<div class=\"row\">\n<div class=\"col-sm-12 info-g\"><a class=\"btn btn-primary\" href=\"\/wp-content\/uploads\/2019\/03\/Lasarte-Oria-Urnieta_PDFinteraktiboa.pdf\" target=\"_blank\" rel=\"noopener noreferrer\">PDF Interactivo<\/a><\/div>\n<\/div>\n<\/div>\n<\/div>\n<\/div>\n<\/div>\n<\/div>\n<\/div>\n<\/div>\n<\/li>\n<li><a class=\"ireki collapsed\" href=\"#faq4\" data-toggle=\"collapse\">Lasarte-Oria Usurbil <i class=\"ion-android-remove\"><\/i><\/a>\n<div id=\"faq4\" class=\"collapse show collapse-04\" data-parent=\"#faq-list\">\n<div class=\"events\">\n<div class=\"row\">\n<div class=\"col-sm-12\">\n<div class=\"profile\"><img decoding=\"async\" class=\"img-fluid\" src=\"\/wp-content\/themes\/buruntzaldea\/img\/ibilbideak\/ibi_lasarte_08.jpg\" \/><\/div>\n<\/div>\n<div class=\"col-sm-12\">\n<div class=\"details\">\n<div class=\"row\">\n<div class=\"col-sm-6\">\n<ol class=\"ordered-list\">\n<li>Iglesia de San Pedro<\/li>\n<li>Covento de las Br\u00edgidas (200 m)<\/li>\n<li>Puente del hip\u00f3dromo (400 m)<\/li>\n<li>Aizpurua (Zubieta centro) (1359 m)<\/li>\n<li>Lertxundi (2240 m)<\/li>\n<li>Artzabaleta (2988 m)<\/li>\n<li>Santuenea (hasta el puente) (4292 m)<\/li>\n<li>Txokoalde (hasta el puente) (6874 m)<\/li>\n<li>Mapil (9025 m)<\/li>\n<\/ol>\n<\/div>\n<div class=\"col-sm-6\">\n<div class=\"inf-orokorra\">\n<h3>Informaci\u00f3n general<\/h3>\n<div class=\"telfk\">\n<p>Ayuntamiento de Lasarte-Oria: 943 376 055<br \/>\nPolideportivo de Lasarte-Oria: 943 376 182<\/p>\n<p>SOS deiak: 112<br \/>\n<a href=\"http:\/\/www.lasarte-oria.eus\/eu\/\" target=\"_blank\" rel=\"noopener noreferrer\">www.lasarte-oria.eus<\/a><\/p>\n<\/div>\n<div class=\"neurriak\">\n<table class=\"table table-striped table-dark\">\n<tbody>\n<tr>\n<td>Longitud<\/td>\n<td>Duraci\u00f3n<\/td>\n<td>Desnivel m\u00e1ximo<\/td>\n<\/tr>\n<tr>\n<td>9.025 m<\/td>\n<td>2:15 ordu<\/td>\n<td>6 m<\/td>\n<\/tr>\n<\/tbody>\n<\/table>\n<\/div>\n<\/div>\n<div class=\"row\">\n<div class=\"col-sm-12 info-g\"><a class=\"btn btn-primary\" href=\"#\" target=\"_blank\" rel=\"noopener noreferrer\">PDF Interactivo<\/a><\/div>\n<\/div>\n<\/div>\n<\/div>\n<\/div>\n<\/div>\n<\/div>\n<\/div>\n<\/div>\n<\/li>\n<\/ul>\n<\/div>\n<\/div>\n<\/div>\n","protected":false},"excerpt":{"rendered":"<p>Mapas Lasarte Oria puntos de inter\u00e9s Indicaciones Recorridos de Lasarte-Oria Indicaciones Recorridos de Buruntzaldea Indicaciones Recorridos &nbsp; Lasarte-Oria Andoain *Entre los puntos 6 y 7 transcurre por la antigua v\u00eda del Plazaola. Iglesia de San Pedro Paso bajo la autov\u00eda N-1 (200 m) Parque de Loidi (400 m) Puente de Loidi (600 m) T\u00fanel de [&hellip;]<\/p>\n","protected":false},"author":1,"featured_media":0,"parent":757,"menu_order":0,"comment_status":"closed","ping_status":"closed","template":"template-argia.php","meta":{"_acf_changed":false,"footnotes":""},"class_list":["post-741","page","type-page","status-publish","hentry"],"acf":[],"_links":{"self":[{"href":"https:\/\/kirolak.buruntzaldea.eus\/es\/wp-json\/wp\/v2\/pages\/741","targetHints":{"allow":["GET"]}}],"collection":[{"href":"https:\/\/kirolak.buruntzaldea.eus\/es\/wp-json\/wp\/v2\/pages"}],"about":[{"href":"https:\/\/kirolak.buruntzaldea.eus\/es\/wp-json\/wp\/v2\/types\/page"}],"author":[{"embeddable":true,"href":"https:\/\/kirolak.buruntzaldea.eus\/es\/wp-json\/wp\/v2\/users\/1"}],"replies":[{"embeddable":true,"href":"https:\/\/kirolak.buruntzaldea.eus\/es\/wp-json\/wp\/v2\/comments?post=741"}],"version-history":[{"count":13,"href":"https:\/\/kirolak.buruntzaldea.eus\/es\/wp-json\/wp\/v2\/pages\/741\/revisions"}],"predecessor-version":[{"id":1105,"href":"https:\/\/kirolak.buruntzaldea.eus\/es\/wp-json\/wp\/v2\/pages\/741\/revisions\/1105"}],"up":[{"embeddable":true,"href":"https:\/\/kirolak.buruntzaldea.eus\/es\/wp-json\/wp\/v2\/pages\/757"}],"wp:attachment":[{"href":"https:\/\/kirolak.buruntzaldea.eus\/es\/wp-json\/wp\/v2\/media?parent=741"}],"curies":[{"name":"wp","href":"https:\/\/api.w.org\/{rel}","templated":true}]}}