{"id":736,"date":"2018-12-10T18:15:01","date_gmt":"2018-12-10T17:15:01","guid":{"rendered":"https:\/\/kirolak.buruntzaldea.eus\/?page_id=736"},"modified":"2019-03-26T13:55:46","modified_gmt":"2019-03-26T12:55:46","slug":"urnieta","status":"publish","type":"page","link":"https:\/\/kirolak.buruntzaldea.eus\/es\/recorridos\/urnieta\/","title":{"rendered":"Recorridos de Urnieta"},"content":{"rendered":"<div class=\"ibilbideak ibi-urnieta\">\n<div class=\"sectison-header\">\n<div class=\"ibilbide-tabs mapak\" style=\"background:none\" >\n<h2 class=\"section-title\">Mapas<\/h2>\n<\/div>\n<\/div>\n<div class=\"ibilbideak ibi-urnieta\">\n<div class=\"container\">\n<div class=\"row\">\n<div class=\"col-md-4 col-sm-12\">\n<div class=\"card text-center\">\n<p><img decoding=\"async\" class=\"card-img-top\" src=\"\/wp-content\/themes\/buruntzaldea\/img\/ibilbideak\/ibi_urnieta_01.jpg\" alt=\"Urnieta-Andoain pdf interatikboa\" \/><\/p>\n<div class=\"card-body\">\n<h2 class=\"card-title\">Urnieta<br \/>\npuntos de inter\u00e9s<\/h2>\n<hr \/>\n<p><a class=\"btn btn-primary\" href=\"\/wp-content\/uploads\/2019\/03\/Urnietako-Gune-Interesgarriak.pdf\" target=\"_blank\" rel=\"noopener noreferrer\">Indicaciones <\/a><\/p>\n<\/div>\n<\/div>\n<\/div>\n<div class=\"col-md-4 col-sm-12 \">\n<div class=\"card text-center\">\n<p><img decoding=\"async\" class=\"card-img-top\" src=\"\/wp-content\/themes\/buruntzaldea\/img\/ibilbideak\/ibi_urnieta_02.jpg\" alt=\"Lasarte ibilbideak \" \/><\/p>\n<div class=\"card-body\">\n<h2 class=\"card-title\">Recorridos de<br \/>\nUrnieta<\/h2>\n<hr \/>\n<p><a class=\"btn btn-primary\" href=\"\/wp-content\/themes\/buruntzaldea\/img\/ibilbideak\/urnieta.pdf\" target=\"_blank\" rel=\"noopener noreferrer\">Indicaciones <\/a><\/p>\n<\/div>\n<\/div>\n<\/div>\n<div class=\"col-md-4 col-sm-12\">\n<div class=\"card text-center\">\n<p><img decoding=\"async\" class=\"card-img-top\" src=\"\/wp-content\/themes\/buruntzaldea\/img\/\/ibilbideak\/ibi_andoain_03.jpg\" alt=\"Buruntzaldeko ibilbideak \" \/><\/p>\n<div class=\"card-body\">\n<h2 class=\"card-title\">Recorridos de<br \/>\nBuruntzaldea<\/h2>\n<hr \/>\n<p><a class=\"btn btn-primary\" href=\"\/wp-content\/themes\/buruntzaldea\/img\/ibilbideak\/buruntzaldea.pdf\" target=\"_blank\" rel=\"noopener noreferrer\">Indicaciones <\/a><\/p>\n<\/div>\n<\/div>\n<\/div>\n<\/div>\n<div class=\"ibilbide-tabs\">\n<div class=\"sectison-header\">\n<h2 class=\"section-title\">Recorridos<\/h2>\n<p>&nbsp;<\/p>\n<\/div>\n<ul class=\"ibildide-list wow fadeInUp\" style=\"visibility: visible; animation-name: fadeInUp;\">\n<li><a class=\"ireki collapsed\" href=\"#faq2\" data-toggle=\"collapse\">Urnieta Andoain <i class=\"ion-android-remove\"><\/i><\/a>\n<div id=\"faq2\" class=\"collapse show collapse-02\" data-parent=\"#faq-list\">\n<div class=\"events\">\n<div class=\"row\">\n<div class=\"col-sm-12\">\n<div class=\"profile\"><img decoding=\"async\" class=\"img-fluid\" src=\"\/wp-content\/themes\/buruntzaldea\/img\/ibilbideak\/ibi_urnieta_06.jpg\" \/><\/div>\n<\/div>\n<div class=\"col-sm-12\">\n<div class=\"details\">\n<div class=\"row\">\n<div class=\"col-sm-6\">\n<ol class=\"ordered-list\">\n<li>Plaza del pueblo (Urnieta)<\/li>\n<li>Puente de Elketa (999 m)<\/li>\n<li>Sidrer\u00eda Oianume (1722 m)<\/li>\n<li>Azkonobieta (2161 m)<\/li>\n<li>Restaurante Zelai (2257 m)<\/li>\n<li>Muga (2553 m)<\/li>\n<li>Zona industrial Leizoitz (3163 m)<\/li>\n<li>T\u00fanel (3893 m)<\/li>\n<li>Estaci\u00f3n de Renfe (4153 m)<\/li>\n<li>Lasalle (4603 m)<\/li>\n<li>Ayuntamiento de Andoain (4753 m)<\/li>\n<\/ol>\n<\/div>\n<div class=\"col-sm-6\">\n<div class=\"inf-orokorra\">\n<h3>Informaci\u00f3n general<\/h3>\n<div class=\"telfk\">\n<p>Ayuntamiento de Urnieta: 943 008 000<br \/>\nPolideportivo de Urnieta: 943 008 328<\/p>\n<p>SOS deiak: 112<br \/>\n<a href=\"http:\/\/www.urnieta.eus\/\" target=\"_blank\" rel=\"noopener noreferrer\">www.urnieta.eus<\/a><\/p>\n<\/div>\n<div class=\"neurriak\">\n<table class=\"table table-striped table-dark\">\n<tbody>\n<tr>\n<td>Longitud<\/td>\n<td>Duraci\u00f3n<\/td>\n<td>Desnivel m\u00e1ximo<\/td>\n<\/tr>\n<tr>\n<td>4.753 m<\/td>\n<td>1:15 horas<\/td>\n<td>57 m<\/td>\n<\/tr>\n<\/tbody>\n<\/table>\n<\/div>\n<\/div>\n<div class=\"row\">\n<div class=\"col-sm-12 info-g\"><a class=\"btn btn-primary\" href=\"\/wp-content\/uploads\/2019\/03\/Urnieta-Andoain-PDFinteraktiboa.pdf\" target=\"_blank\" rel=\"noopener noreferrer\">PDF interactivo <\/a><\/div>\n<\/div>\n<\/div>\n<\/div>\n<\/div>\n<\/div>\n<\/div>\n<\/div>\n<\/div>\n<\/li>\n<li><a class=\"ireki collapsed\" href=\"#faq3\" data-toggle=\"collapse\">Urnieta Lasarte-Oria<i class=\"ion-android-remove\"><\/i><\/a>\n<div id=\"faq3\" class=\"collapse show collapse-03\" data-parent=\"#faq-list\">\n<div class=\"events\">\n<div class=\"row\">\n<div class=\"col-sm-12\">\n<div class=\"profile\"><img decoding=\"async\" class=\"img-fluid\" src=\"\/wp-content\/themes\/buruntzaldea\/img\/ibilbideak\/ibi_urnieta_07.jpg\" \/><\/div>\n<\/div>\n<div class=\"col-sm-12\">\n<div class=\"details\">\n<div class=\"row\">\n<div class=\"col-sm-6\">\n<ol class=\"ordered-list\">\n<li>Plaza del pueblo<\/li>\n<li>Zaldundegi (190 m)<\/li>\n<li>Artolea (684 m)<\/li>\n<li>Mokoroa (979 m)<\/li>\n<li>L\u00edmite de Lasarte (1448 m)<\/li>\n<li>Camino de Azkorte (1748 m)<\/li>\n<li>Puente de Oztaran (2748 m)<\/li>\n<li>T\u00fanel de Kaxkarro (3148 m)<\/li>\n<li>Puente de Loidi (3348 m)<\/li>\n<li>Parque de Loidi (3548 m)(13677 m)<\/li>\n<li>Paso bajo la autov\u00eda N-1 (3748 m)<\/li>\n<li>Iglesia de San Pedro (3948 m)<\/li>\n<\/ol>\n<\/div>\n<div class=\"col-sm-6\">\n<div class=\"inf-orokorra\">\n<h3>Informaci\u00f3n general<\/h3>\n<div class=\"telfk\">\n<p>Ayuntamiento de Urnieta: 943 008 000<br \/>\nPolideportivo de Urnieta: 943 008 328<\/p>\n<p>SOS deiak: 112<br \/>\n<a href=\"http:\/\/www.urnieta.eus\/\" target=\"_blank\" rel=\"noopener noreferrer\">www.urnieta.eus<\/a><\/p>\n<\/div>\n<div class=\"neurriak\">\n<table class=\"table table-striped table-dark\">\n<tbody>\n<tr>\n<td>Longitud<\/td>\n<td>Duraci\u00f3n<\/td>\n<td>Desnivel m\u00e1ximo<\/td>\n<\/tr>\n<tr>\n<td>3.948 m<\/td>\n<td>1:10 horas<\/td>\n<td>83 m<\/td>\n<\/tr>\n<\/tbody>\n<\/table>\n<\/div>\n<\/div>\n<div class=\"row\">\n<div class=\"col-sm-12 info-g\"><a class=\"btn btn-primary\" href=\"\/wp-content\/themes\/buruntzaldea\/img\/ibilbideak\/ibilbideenPerfilak.pdf\" target=\"_blank\" rel=\"noopener noreferrer\">PDF interactivo<\/a><\/div>\n<\/div>\n<\/div>\n<\/div>\n<\/div>\n<\/div>\n<\/div>\n<\/div>\n<\/div>\n<\/li>\n<\/ul>\n<\/div>\n<\/div>\n<\/div>\n","protected":false},"excerpt":{"rendered":"<p>Mapas Urnieta puntos de inter\u00e9s Indicaciones Recorridos de Urnieta Indicaciones Recorridos de Buruntzaldea Indicaciones Recorridos &nbsp; Urnieta Andoain Plaza del pueblo (Urnieta) Puente de Elketa (999 m) Sidrer\u00eda Oianume (1722 m) Azkonobieta (2161 m) Restaurante Zelai (2257 m) Muga (2553 m) Zona industrial Leizoitz (3163 m) T\u00fanel (3893 m) Estaci\u00f3n de Renfe (4153 m) Lasalle [&hellip;]<\/p>\n","protected":false},"author":1,"featured_media":0,"parent":757,"menu_order":0,"comment_status":"closed","ping_status":"closed","template":"template-argia.php","meta":{"_acf_changed":false,"footnotes":""},"class_list":["post-736","page","type-page","status-publish","hentry"],"acf":[],"_links":{"self":[{"href":"https:\/\/kirolak.buruntzaldea.eus\/es\/wp-json\/wp\/v2\/pages\/736","targetHints":{"allow":["GET"]}}],"collection":[{"href":"https:\/\/kirolak.buruntzaldea.eus\/es\/wp-json\/wp\/v2\/pages"}],"about":[{"href":"https:\/\/kirolak.buruntzaldea.eus\/es\/wp-json\/wp\/v2\/types\/page"}],"author":[{"embeddable":true,"href":"https:\/\/kirolak.buruntzaldea.eus\/es\/wp-json\/wp\/v2\/users\/1"}],"replies":[{"embeddable":true,"href":"https:\/\/kirolak.buruntzaldea.eus\/es\/wp-json\/wp\/v2\/comments?post=736"}],"version-history":[{"count":12,"href":"https:\/\/kirolak.buruntzaldea.eus\/es\/wp-json\/wp\/v2\/pages\/736\/revisions"}],"predecessor-version":[{"id":1107,"href":"https:\/\/kirolak.buruntzaldea.eus\/es\/wp-json\/wp\/v2\/pages\/736\/revisions\/1107"}],"up":[{"embeddable":true,"href":"https:\/\/kirolak.buruntzaldea.eus\/es\/wp-json\/wp\/v2\/pages\/757"}],"wp:attachment":[{"href":"https:\/\/kirolak.buruntzaldea.eus\/es\/wp-json\/wp\/v2\/media?parent=736"}],"curies":[{"name":"wp","href":"https:\/\/api.w.org\/{rel}","templated":true}]}}