{"id":710,"date":"2018-12-10T13:33:36","date_gmt":"2018-12-10T12:33:36","guid":{"rendered":"https:\/\/kirolak.buruntzaldea.eus\/?page_id=710"},"modified":"2018-12-12T18:20:36","modified_gmt":"2018-12-12T17:20:36","slug":"aviso-legal","status":"publish","type":"page","link":"https:\/\/kirolak.buruntzaldea.eus\/es\/aviso-legal\/","title":{"rendered":"Advertencia legal y condiciones de uso"},"content":{"rendered":"<p>En cumplimiento de lo establecido en la ley 15\/1999, de 13 de diciembre, de Protecci\u00f3n de Datos de Car\u00e1cter Personal, le informamos que los datos personales suministrados por usted al servicio de deportes de Buruntzaldea ( Andoain, Lasarte-Oria, Urnieta y Usurbil), son parte de un fichero automatizado propiedad del Ayuntamiento.<\/p>\n<p>Estos datos ser\u00e1n utilizados para la gesti\u00f3n, administraci\u00f3n y facturaci\u00f3n del servicio o curso contratado, el en env\u00edo de informaci\u00f3n (correo ordinario o por canales electr\u00f3nicos&#8230;)que pueda resultar de su inter\u00e9s, as\u00ed como para obtener la autorizaci\u00f3n de uso de las instalaciones mancomunadas de Buruntzaldea.<\/p>\n<p>As\u00ed mismo, le informamos que, si no est\u00e1 de acuerso con alguno de los tratamientos expuestos, puede ejercer su derecho de acceso, rectificaci\u00f3n, cancelaci\u00f3n y oposici\u00f3n en *<strong>herriaren arabera<\/strong>*, lo contrario supondr\u00e1 su consentimiento expreso al tratamiento de sus datos personales con las finalidades indicadas.<\/p>\n<p>Andoain:<br \/>\nLasarte-Oria: Kale Nagusia 22, 20160 Lasarte-Oria<br \/>\nUrnieta: San Juan plaza z\/g. Udal arreta zerbitzuak, 20130 Urnieta<br \/>\nUsurbil: Joxe Martin Sagardia plaza z\/g, 20170 Usurbil<\/p>\n","protected":false},"excerpt":{"rendered":"<p>En cumplimiento de lo establecido en la ley 15\/1999, de 13 de diciembre, de Protecci\u00f3n de Datos de Car\u00e1cter Personal, le informamos que los datos personales suministrados por usted al servicio de deportes de Buruntzaldea ( Andoain, Lasarte-Oria, Urnieta y Usurbil), son parte de un fichero automatizado propiedad del Ayuntamiento. Estos datos ser\u00e1n utilizados para [&hellip;]<\/p>\n","protected":false},"author":1,"featured_media":0,"parent":0,"menu_order":0,"comment_status":"closed","ping_status":"closed","template":"template-argia.php","meta":{"_acf_changed":false,"footnotes":""},"class_list":["post-710","page","type-page","status-publish","hentry"],"acf":[],"_links":{"self":[{"href":"https:\/\/kirolak.buruntzaldea.eus\/es\/wp-json\/wp\/v2\/pages\/710","targetHints":{"allow":["GET"]}}],"collection":[{"href":"https:\/\/kirolak.buruntzaldea.eus\/es\/wp-json\/wp\/v2\/pages"}],"about":[{"href":"https:\/\/kirolak.buruntzaldea.eus\/es\/wp-json\/wp\/v2\/types\/page"}],"author":[{"embeddable":true,"href":"https:\/\/kirolak.buruntzaldea.eus\/es\/wp-json\/wp\/v2\/users\/1"}],"replies":[{"embeddable":true,"href":"https:\/\/kirolak.buruntzaldea.eus\/es\/wp-json\/wp\/v2\/comments?post=710"}],"version-history":[{"count":3,"href":"https:\/\/kirolak.buruntzaldea.eus\/es\/wp-json\/wp\/v2\/pages\/710\/revisions"}],"predecessor-version":[{"id":845,"href":"https:\/\/kirolak.buruntzaldea.eus\/es\/wp-json\/wp\/v2\/pages\/710\/revisions\/845"}],"wp:attachment":[{"href":"https:\/\/kirolak.buruntzaldea.eus\/es\/wp-json\/wp\/v2\/media?parent=710"}],"curies":[{"name":"wp","href":"https:\/\/api.w.org\/{rel}","templated":true}]}}