{"id":1257,"date":"2019-05-16T17:08:00","date_gmt":"2019-05-16T16:08:00","guid":{"rendered":"https:\/\/kirolak.buruntzaldea.eus\/?page_id=1257"},"modified":"2019-05-16T17:12:28","modified_gmt":"2019-05-16T16:12:28","slug":"publicaciones","status":"publish","type":"page","link":"https:\/\/kirolak.buruntzaldea.eus\/es\/publicaciones\/","title":{"rendered":"Publicaciones"},"content":{"rendered":"<div class=\"abantailak\">\n<div class=\"row \">\n<div class=\"col-md-6 tarteko1-box\">\n<h3>Educando a mis hij@s a trav\u00e9s del deporte escolar<\/h3>\n<p>Deporte escolar, actitud de padres y madres, formaci\u00f3n de entrenadores, medidas higi\u00e9nicas, alimentaci\u00f3n, uso del euskera en el deporte escolar.<\/p>\n<p><a href=\"https:\/\/kirolak.buruntzaldea.eus\/wp-content\/uploads\/2019\/05\/GAZT-2017_BURUNTZALDEA.pdf\" target=\"_blank\" rel=\"noopener noreferrer\"><img loading=\"lazy\" decoding=\"async\" class=\"alignnone\" src=\"https:\/\/kirolak.buruntzaldea.eus\/wp-content\/uploads\/2018\/09\/EUSK-2017_BURUNTZALDEA-1-1.jpg\" alt=\"Nire seme-alabak hezten eskola kirolaren bidez\" width=\"138\" height=\"85\" align=\"middle\" \/><\/a><\/p>\n<div class=\"excerpt\"><a href=\"https:\/\/kirolak.buruntzaldea.eus\/wp-content\/uploads\/2019\/05\/GAZT-2017_BURUNTZALDEA.pdf\" target=\"_blank\" rel=\"noopener noreferrer\"><span class=\"fa fa-arrow-circle-right\"><\/span> ver publicaci\u00f3n<\/a>\n<\/div>\n<\/div>\n<\/div>\n<\/div>\n","protected":false},"excerpt":{"rendered":"<p>Educando a mis hij@s a trav\u00e9s del deporte escolar Deporte escolar, actitud de padres y madres, formaci\u00f3n de entrenadores, medidas higi\u00e9nicas, alimentaci\u00f3n, uso del euskera en el deporte escolar. ver publicaci\u00f3n<\/p>\n","protected":false},"author":1,"featured_media":34,"parent":0,"menu_order":0,"comment_status":"closed","ping_status":"closed","template":"template-argia.php","meta":{"_acf_changed":false,"footnotes":""},"class_list":["post-1257","page","type-page","status-publish","has-post-thumbnail","hentry"],"acf":[],"_links":{"self":[{"href":"https:\/\/kirolak.buruntzaldea.eus\/es\/wp-json\/wp\/v2\/pages\/1257","targetHints":{"allow":["GET"]}}],"collection":[{"href":"https:\/\/kirolak.buruntzaldea.eus\/es\/wp-json\/wp\/v2\/pages"}],"about":[{"href":"https:\/\/kirolak.buruntzaldea.eus\/es\/wp-json\/wp\/v2\/types\/page"}],"author":[{"embeddable":true,"href":"https:\/\/kirolak.buruntzaldea.eus\/es\/wp-json\/wp\/v2\/users\/1"}],"replies":[{"embeddable":true,"href":"https:\/\/kirolak.buruntzaldea.eus\/es\/wp-json\/wp\/v2\/comments?post=1257"}],"version-history":[{"count":3,"href":"https:\/\/kirolak.buruntzaldea.eus\/es\/wp-json\/wp\/v2\/pages\/1257\/revisions"}],"predecessor-version":[{"id":1274,"href":"https:\/\/kirolak.buruntzaldea.eus\/es\/wp-json\/wp\/v2\/pages\/1257\/revisions\/1274"}],"wp:featuredmedia":[{"embeddable":true,"href":"https:\/\/kirolak.buruntzaldea.eus\/es\/wp-json\/wp\/v2\/media\/34"}],"wp:attachment":[{"href":"https:\/\/kirolak.buruntzaldea.eus\/es\/wp-json\/wp\/v2\/media?parent=1257"}],"curies":[{"name":"wp","href":"https:\/\/api.w.org\/{rel}","templated":true}]}}